{"id":53,"date":"2020-08-19T17:26:18","date_gmt":"2020-08-19T17:26:18","guid":{"rendered":"https:\/\/registro.cartoriolagopinto.not.br\/?page_id=53"},"modified":"2020-08-19T17:30:44","modified_gmt":"2020-08-19T17:30:44","slug":"rtd","status":"publish","type":"page","link":"https:\/\/registro.cartoriolagopinto.not.br\/index.php\/rtd\/","title":{"rendered":"RTD"},"content":{"rendered":"\t\t<div data-elementor-type=\"wp-page\" data-elementor-id=\"53\" class=\"elementor elementor-53\">\n\t\t\t\t\t\t<div class=\"elementor-inner\">\n\t\t\t\t<div class=\"elementor-section-wrap\">\n\t\t\t\t\t\t\t\t\t<section class=\"elementor-section elementor-top-section elementor-element elementor-element-232095c elementor-section-boxed elementor-section-height-default elementor-section-height-default\" data-id=\"232095c\" data-element_type=\"section\">\n\t\t\t\t\t\t<div class=\"elementor-container elementor-column-gap-default\">\n\t\t\t\t\t\t\t<div class=\"elementor-row\">\n\t\t\t\t\t<div class=\"elementor-column elementor-col-100 elementor-top-column elementor-element elementor-element-a47669a\" data-id=\"a47669a\" data-element_type=\"column\">\n\t\t\t<div class=\"elementor-column-wrap elementor-element-populated\">\n\t\t\t\t\t\t\t<div class=\"elementor-widget-wrap\">\n\t\t\t\t\t\t<div class=\"elementor-element elementor-element-e48ce4c elementor-widget elementor-widget-heading\" data-id=\"e48ce4c\" data-element_type=\"widget\" data-widget_type=\"heading.default\">\n\t\t\t\t<div class=\"elementor-widget-container\">\n\t\t\t<h2 class=\"elementor-heading-title elementor-size-default\">REGISTRO DE T\u00cdTULOS E DOCUMENTOS<\/h2>\t\t<\/div>\n\t\t\t\t<\/div>\n\t\t\t\t<div class=\"elementor-element elementor-element-7a14787 elementor-widget elementor-widget-text-editor\" data-id=\"7a14787\" data-element_type=\"widget\" data-widget_type=\"text-editor.default\">\n\t\t\t\t<div class=\"elementor-widget-container\">\n\t\t\t\t\t\t\t\t<div class=\"elementor-text-editor elementor-clearfix\">\n\t\t\t\t<blockquote><p>\u201cO Registro de T\u00edtulos e Documentos (RTD) \u00e9 o servi\u00e7o de organiza\u00e7\u00e3o t\u00e9cnica e administrativa que tem por finalidade assegurar a autenticidade, seguran\u00e7a, publicidade e efic\u00e1cia dos atos e neg\u00f3cios jur\u00eddicos, constituindo ou declarando direitos e obriga\u00e7\u00f5es, bem como servir para prova da exist\u00eancia e da data de documentos em geral, permitindo a conserva\u00e7\u00e3o perp\u00e9tua de seu conte\u00fado.\u201d Artigo 354, Consolida\u00e7\u00e3o Normativa Notarial e Registral\/RS.<\/p><\/blockquote><p>Conforme artigo 127, da Lei dos Registros P\u00fablicos (Lei n\u00ba 6.015\/1973), no RTD ser\u00e1 feita a transcri\u00e7\u00e3o dos seguintes documentos:<\/p><ul><li>instrumentos particulares, para prova de obriga\u00e7\u00f5es convencionais de qualquer valor;<\/li><li>penhor comum sobre coisas m\u00f3veis;<\/li><li>cau\u00e7\u00e3o de t\u00edtulos de cr\u00e9dito pessoal e da d\u00edvida p\u00fablica federal, estadual ou municipal, ou de bolsa ao portador;<\/li><li>contrato de penhor de animais, n\u00e3o compreendido nas disposi\u00e7\u00f5es do art. 10 da Lei \u00ba 492\/1934;<\/li><li>contrato de parceria agr\u00edcola ou pecu\u00e1ria;<\/li><li>mandado judicial de renova\u00e7\u00e3o de contrato de arrendamento para sua vig\u00eancia, quer entre as partes contratantes, quer em face de terceiros (art. 19, par\u00e1grafo 2\u00ba, do Decreto n\u00ba 24.150 de 1934);<\/li><li>facultativa, de quaisquer documentos, para fins de conserva\u00e7\u00e3o.<\/li><\/ul><p>Ainda, est\u00e3o sujeitos a registro no RTD, para surtir efeitos em rela\u00e7\u00e3o a terceiros, conforme artigo 129 da Lei 6.015:<\/p><ul><li>os contratos de loca\u00e7\u00e3o de pr\u00e9dios, sem preju\u00edzo do disposto do artigo 167, I, n\u00ba 3;<\/li><li>os documentos decorrentes de dep\u00f3sitos, ou de cau\u00e7\u00f5es feitos em garantia de cumprimento de obriga\u00e7\u00f5es contratuais, ainda que em separado dos respectivos instrumentos;<\/li><li>as cartas de fian\u00e7a, em geral, feitas por instrumento particular, seja qual for a natureza do compromisso por elas abonado;<\/li><li>os contratos de loca\u00e7\u00e3o de servi\u00e7os n\u00e3o atribu\u00eddos a outras reparti\u00e7\u00f5es;<\/li><li>os contratos de compra e venda em presta\u00e7\u00f5es, com reserva de dom\u00ednio ou n\u00e3o, qualquer que seja a forma de que se revistam, os de aliena\u00e7\u00e3o ou de promessas de venda referentes a bens m\u00f3veis e os de aliena\u00e7\u00e3o fiduci\u00e1ria;<\/li><li>todos os documentos de proced\u00eancia estrangeira, acompanhados das respectivas tradu\u00e7\u00f5es, para produzirem efeitos em reparti\u00e7\u00f5es da Uni\u00e3o, dos Estados, do Distrito Federal, dos Territ\u00f3rios e dos Munic\u00edpios ou em qualquer inst\u00e2ncia, ju\u00edzo ou tribunal;<\/li><li>as quita\u00e7\u00f5es, recibos e contratos de compra e venda de autom\u00f3veis, bem como o penhor destes, qualquer que seja a forma que revistam;<\/li><li>os atos administrativos expedidos para cumprimento de decis\u00f5es judiciais, sem tr\u00e2nsito em julgado, pelas quais for determinada a entrega, pelas alf\u00e2ndegas e mesas de renda, de bens e mercadorias procedentes do exterior.<\/li><li>os instrumentos de cess\u00e3o de direitos e de cr\u00e9ditos, de sub-roga\u00e7\u00e3o e de da\u00e7\u00e3o em pagamento.<\/li><\/ul><p>As altera\u00e7\u00f5es supervenientes nos documentos registrados devem ser averbadas \u00e0 margem dos respectivos registros, conforme prev\u00ea o artigo 128 da Lei de Registros P\u00fablicos.<\/p>\t\t\t\t\t<\/div>\n\t\t\t\t\t\t<\/div>\n\t\t\t\t<\/div>\n\t\t\t\t\t\t<\/div>\n\t\t\t\t\t<\/div>\n\t\t<\/div>\n\t\t\t\t\t\t\t\t<\/div>\n\t\t\t\t\t<\/div>\n\t\t<\/section>\n\t\t\t\t\t\t\t\t\t<\/div>\n\t\t\t<\/div>\n\t\t\t\t\t<\/div>\n\t\t","protected":false},"excerpt":{"rendered":"<p>REGISTRO DE T\u00cdTULOS E DOCUMENTOS \u201cO Registro de T\u00edtulos e Documentos (RTD) [&hellip;]<\/p>\n","protected":false},"author":1,"featured_media":0,"parent":0,"menu_order":0,"comment_status":"closed","ping_status":"closed","template":"elementor_header_footer","meta":[],"_links":{"self":[{"href":"https:\/\/registro.cartoriolagopinto.not.br\/index.php\/wp-json\/wp\/v2\/pages\/53"}],"collection":[{"href":"https:\/\/registro.cartoriolagopinto.not.br\/index.php\/wp-json\/wp\/v2\/pages"}],"about":[{"href":"https:\/\/registro.cartoriolagopinto.not.br\/index.php\/wp-json\/wp\/v2\/types\/page"}],"author":[{"embeddable":true,"href":"https:\/\/registro.cartoriolagopinto.not.br\/index.php\/wp-json\/wp\/v2\/users\/1"}],"replies":[{"embeddable":true,"href":"https:\/\/registro.cartoriolagopinto.not.br\/index.php\/wp-json\/wp\/v2\/comments?post=53"}],"version-history":[{"count":2,"href":"https:\/\/registro.cartoriolagopinto.not.br\/index.php\/wp-json\/wp\/v2\/pages\/53\/revisions"}],"predecessor-version":[{"id":55,"href":"https:\/\/registro.cartoriolagopinto.not.br\/index.php\/wp-json\/wp\/v2\/pages\/53\/revisions\/55"}],"wp:attachment":[{"href":"https:\/\/registro.cartoriolagopinto.not.br\/index.php\/wp-json\/wp\/v2\/media?parent=53"}],"curies":[{"name":"wp","href":"https:\/\/api.w.org\/{rel}","templated":true}]}}