{"id":50,"date":"2020-08-19T17:24:39","date_gmt":"2020-08-19T17:24:39","guid":{"rendered":"https:\/\/registro.cartoriolagopinto.not.br\/?page_id=50"},"modified":"2020-08-19T17:24:46","modified_gmt":"2020-08-19T17:24:46","slug":"rpj","status":"publish","type":"page","link":"https:\/\/registro.cartoriolagopinto.not.br\/index.php\/rpj\/","title":{"rendered":"RPJ"},"content":{"rendered":"\t\t<div data-elementor-type=\"wp-page\" data-elementor-id=\"50\" class=\"elementor elementor-50\">\n\t\t\t\t\t\t<div class=\"elementor-inner\">\n\t\t\t\t<div class=\"elementor-section-wrap\">\n\t\t\t\t\t\t\t\t\t<section class=\"elementor-section elementor-top-section elementor-element elementor-element-e567d15 elementor-section-boxed elementor-section-height-default elementor-section-height-default\" data-id=\"e567d15\" data-element_type=\"section\">\n\t\t\t\t\t\t<div class=\"elementor-container elementor-column-gap-default\">\n\t\t\t\t\t\t\t<div class=\"elementor-row\">\n\t\t\t\t\t<div class=\"elementor-column elementor-col-100 elementor-top-column elementor-element elementor-element-192e202\" data-id=\"192e202\" data-element_type=\"column\">\n\t\t\t<div class=\"elementor-column-wrap elementor-element-populated\">\n\t\t\t\t\t\t\t<div class=\"elementor-widget-wrap\">\n\t\t\t\t\t\t<div class=\"elementor-element elementor-element-0c363de elementor-widget elementor-widget-heading\" data-id=\"0c363de\" data-element_type=\"widget\" data-widget_type=\"heading.default\">\n\t\t\t\t<div class=\"elementor-widget-container\">\n\t\t\t<h2 class=\"elementor-heading-title elementor-size-default\">REGISTRO CIVIL DAS PESSOAS JUR\u00cdDICAS<\/h2>\t\t<\/div>\n\t\t\t\t<\/div>\n\t\t\t\t<div class=\"elementor-element elementor-element-591f469 elementor-widget elementor-widget-text-editor\" data-id=\"591f469\" data-element_type=\"widget\" data-widget_type=\"text-editor.default\">\n\t\t\t\t<div class=\"elementor-widget-container\">\n\t\t\t\t\t\t\t\t<div class=\"elementor-text-editor elementor-clearfix\">\n\t\t\t\t<p>O Registro Civil das Pessoas Jur\u00eddicas est\u00e1 sujeito ao regime jur\u00eddico estabelecido na Constitui\u00e7\u00e3o da Rep\u00fablica Federativa do Brasil, no C\u00f3digo Civil, na Lei 6.015\/73, na Lei 8.935\/94 e demais atos que definam sua organiza\u00e7\u00e3o, compet\u00eancia, atribui\u00e7\u00f5es e funcionamento. (Artigo 299, Consolida\u00e7\u00e3o Normativa Notarial e Registral\/RS)<\/p><p>Aos Registradores Civis das Pessoas Jur\u00eddicas compete:<\/p><ol><li>registrar os atos constitutivos, contratos sociais e estatutos das sociedades simples, das associa\u00e7\u00f5es, das organiza\u00e7\u00f5es religiosas, das funda\u00e7\u00f5es de direito privado, dos partidos pol\u00edticos, das empresas individuais de responsabilidade limitada (EIRELI), de natureza simples; e dos sindicatos.<\/li><li>registrar as sociedade simples revestidas das formas empres\u00e1rias, conforme estabelecido no C\u00f3digo Civil, com exce\u00e7\u00e3o das sociedades an\u00f4nimas e das sociedades em comandita por a\u00e7\u00f5es.<\/li><li>matricular jornais e demais publica\u00e7\u00f5es peri\u00f3dicas, oficinas impressoras, empresas de radiodifus\u00e3o que mantenham servi\u00e7os de not\u00edcias, reportagens, coment\u00e1rios, debates e entrevistas, empresas a executarem o agenciamento de not\u00edcias.<\/li><li>averbar, nas respectivas inscri\u00e7\u00f5es e matr\u00edculas, todas as altera\u00e7\u00f5es supervenientes a importarem modifica\u00e7\u00f5es das circunst\u00e2ncias constantes do registro, atendidas as exig\u00eancias das leis espec\u00edficas em vigor, bem como as demais atas relacionadas \u00e0 pessoa jur\u00eddica.<\/li><li>fornecer certid\u00f5es dos atos praticados.<\/li><\/ol>\t\t\t\t\t<\/div>\n\t\t\t\t\t\t<\/div>\n\t\t\t\t<\/div>\n\t\t\t\t\t\t<\/div>\n\t\t\t\t\t<\/div>\n\t\t<\/div>\n\t\t\t\t\t\t\t\t<\/div>\n\t\t\t\t\t<\/div>\n\t\t<\/section>\n\t\t\t\t\t\t\t\t\t<\/div>\n\t\t\t<\/div>\n\t\t\t\t\t<\/div>\n\t\t","protected":false},"excerpt":{"rendered":"<p>REGISTRO CIVIL DAS PESSOAS JUR\u00cdDICAS O Registro Civil das Pessoas Jur\u00eddicas est\u00e1 [&hellip;]<\/p>\n","protected":false},"author":1,"featured_media":0,"parent":0,"menu_order":0,"comment_status":"closed","ping_status":"closed","template":"elementor_header_footer","meta":[],"_links":{"self":[{"href":"https:\/\/registro.cartoriolagopinto.not.br\/index.php\/wp-json\/wp\/v2\/pages\/50"}],"collection":[{"href":"https:\/\/registro.cartoriolagopinto.not.br\/index.php\/wp-json\/wp\/v2\/pages"}],"about":[{"href":"https:\/\/registro.cartoriolagopinto.not.br\/index.php\/wp-json\/wp\/v2\/types\/page"}],"author":[{"embeddable":true,"href":"https:\/\/registro.cartoriolagopinto.not.br\/index.php\/wp-json\/wp\/v2\/users\/1"}],"replies":[{"embeddable":true,"href":"https:\/\/registro.cartoriolagopinto.not.br\/index.php\/wp-json\/wp\/v2\/comments?post=50"}],"version-history":[{"count":2,"href":"https:\/\/registro.cartoriolagopinto.not.br\/index.php\/wp-json\/wp\/v2\/pages\/50\/revisions"}],"predecessor-version":[{"id":52,"href":"https:\/\/registro.cartoriolagopinto.not.br\/index.php\/wp-json\/wp\/v2\/pages\/50\/revisions\/52"}],"wp:attachment":[{"href":"https:\/\/registro.cartoriolagopinto.not.br\/index.php\/wp-json\/wp\/v2\/media?parent=50"}],"curies":[{"name":"wp","href":"https:\/\/api.w.org\/{rel}","templated":true}]}}